{"id":1397,"date":"2017-10-17T15:03:27","date_gmt":"2017-10-17T15:03:27","guid":{"rendered":"http:\/\/aufweg.de\/?page_id=1397"},"modified":"2017-10-17T15:03:27","modified_gmt":"2017-10-17T15:03:27","slug":"regina-caeli","status":"publish","type":"page","link":"https:\/\/aufweg.de\/?page_id=1397","title":{"rendered":"Regina C\u00e6li"},"content":{"rendered":"<p>In der Osterzeit wird anstelle des Angelus das Regina Caeli gebetet:<\/p>\n<p>Freu dich, du Himmelsk\u00f6nigin, Halleluja!<br \/>\nDen du zu tragen w\u00fcrdig warst, Halleluja,<br \/>\ner ist auferstanden, wie er gesagt hat, Halleluja.<br \/>\nBitt Gott f\u00fcr uns, Halleluja.<\/p>\n<p>Freu dich und frohlocke, Jungfrau Maria, Halleluja,<br \/>\ndenn der Herr ist wahrhaft auferstanden, Halleluja.<\/p>\n<p>Lasset uns beten.<br \/>\nAllm\u00e4chtiger Gott, durch die Auferstehung deines Sohnes, unseres Herrn Jesus Christus, hast du die Welt mit Jubel erf\u00fcllt. Lass uns durch seine jungfr\u00e4uliche Mutter Maria zur unverg\u00e4nglichen Osterfreude gelangen. Darum bitten wir durch Christus, unsern Herrn.<\/p>\n<p>Amen.<\/p>\n<p>Quelle:<br \/>\nhttp:\/\/www.erzbistum-freiburg.de\/html\/das_regina_caeli_coeli_freu_dich_du_himmelskoenigin.html<\/p>\n<p>&nbsp;<\/p>\n","protected":false},"excerpt":{"rendered":"<p>In der Osterzeit wird anstelle des Angelus das Regina Caeli gebetet: Freu dich, du Himmelsk\u00f6nigin, Halleluja! Den du zu tragen w\u00fcrdig warst, Halleluja, er ist auferstanden, wie er gesagt hat, Halleluja. Bitt Gott f\u00fcr uns, Halleluja. Freu dich und frohlocke, Jungfrau Maria, Halleluja, denn der Herr ist wahrhaft auferstanden, Halleluja. Lasset uns beten. Allm\u00e4chtiger Gott, [&hellip;]<\/p>\n","protected":false},"author":1,"featured_media":0,"parent":9,"menu_order":0,"comment_status":"closed","ping_status":"closed","template":"","meta":{"footnotes":""},"class_list":["post-1397","page","type-page","status-publish","hentry","post"],"_links":{"self":[{"href":"https:\/\/aufweg.de\/index.php?rest_route=\/wp\/v2\/pages\/1397","targetHints":{"allow":["GET"]}}],"collection":[{"href":"https:\/\/aufweg.de\/index.php?rest_route=\/wp\/v2\/pages"}],"about":[{"href":"https:\/\/aufweg.de\/index.php?rest_route=\/wp\/v2\/types\/page"}],"author":[{"embeddable":true,"href":"https:\/\/aufweg.de\/index.php?rest_route=\/wp\/v2\/users\/1"}],"replies":[{"embeddable":true,"href":"https:\/\/aufweg.de\/index.php?rest_route=%2Fwp%2Fv2%2Fcomments&post=1397"}],"version-history":[{"count":1,"href":"https:\/\/aufweg.de\/index.php?rest_route=\/wp\/v2\/pages\/1397\/revisions"}],"predecessor-version":[{"id":1398,"href":"https:\/\/aufweg.de\/index.php?rest_route=\/wp\/v2\/pages\/1397\/revisions\/1398"}],"up":[{"embeddable":true,"href":"https:\/\/aufweg.de\/index.php?rest_route=\/wp\/v2\/pages\/9"}],"wp:attachment":[{"href":"https:\/\/aufweg.de\/index.php?rest_route=%2Fwp%2Fv2%2Fmedia&parent=1397"}],"curies":[{"name":"wp","href":"https:\/\/api.w.org\/{rel}","templated":true}]}}